{"id":3,"date":"2024-12-03T17:08:00","date_gmt":"2024-12-03T17:08:00","guid":{"rendered":"https:\/\/pollocanchero.com\/?page_id=3"},"modified":"2025-01-07T10:05:36","modified_gmt":"2025-01-07T15:05:36","slug":"politica-de-privacidad","status":"publish","type":"page","link":"https:\/\/pollocanchero.com\/index.php\/politica-de-privacidad\/","title":{"rendered":"Pol\u00edtica de privacidad"},"content":{"rendered":"\t\t<div data-elementor-type=\"wp-page\" data-elementor-id=\"3\" class=\"elementor elementor-3\">\n\t\t\t\t<div class=\"elementor-element elementor-element-3552cd83 e-flex e-con-boxed e-con e-parent\" data-id=\"3552cd83\" data-element_type=\"container\" data-e-type=\"container\">\n\t\t\t\t\t<div class=\"e-con-inner\">\n\t\t\t\t<div class=\"elementor-element elementor-element-748b7a3e elementor-widget elementor-widget-text-editor\" data-id=\"748b7a3e\" data-element_type=\"widget\" data-e-type=\"widget\" data-widget_type=\"text-editor.default\">\n\t\t\t\t<div class=\"elementor-widget-container\">\n\t\t\t\t\t\t\t\t\t<h2><span style=\"font-size: 30px;\">Pol\u00edtica de privacidad y tratamiento de datos.<\/span><\/h2>\n<p><!-- \/wp:heading --><!-- wp:paragraph --><\/p>\n<p>Nuestra direcci\u00f3n web es: <strong>www.pollocanchero.com.<\/strong><\/p>\n<p>El presente documento tiene por objeto establecer las Pol\u00edticas de Privacidad y tratamiento de datos respecto de los servicios prestados y uso de informaci\u00f3n a trav\u00e9s del Portal de Internet bajo el dominio <strong>www.pollocanchero.com<\/strong>, sus respectivos subdominios, todos los dem\u00e1s portales; y, aplicaciones m\u00f3viles, cuya titularidad son de propiedad de la empresa con raz\u00f3n social\u00a0<strong><span style=\"font-family: Roboto, apple-system, system-ui, Segoe UI, Roboto, Oxygen-Sans, Ubuntu, Cantarell, Helvetica Neue, sans-serif;\"><span style=\"font-size: medium;\">AGROPROSPERA CIA. LTDA.<\/span><\/span><\/strong> cuyo nombre comercial es <strong>POLLO CANCHERO<\/strong> con domicilio social en la calle <strong>Tulc\u00e1n entre Guayaquil y Portoviejo<\/strong>, provista del Registro \u00danico de Contribuyentes <strong>(RUC) No. 2390054389001.<\/strong><\/p>\n<p><!-- \/wp:paragraph --><!-- wp:heading --><\/p>\n<h4><span style=\"font-size: 30px;\">Responsable del tratamiento de datos<\/span><\/h4>\n<p><strong><!-- \/wp:heading --><!-- wp:paragraph --><\/strong><\/p>\n<p><strong>Raz\u00f3n Social:<\/strong> AGROPROSPERA CIA. LTDA.<\/p>\n<p><strong>RUC:<\/strong> 2390054389001<\/p>\n<p><span style=\"text-align: var(--text-align); letter-spacing: 0px;\"><strong>Nombre comercial:<\/strong> POLLO CANCHERO<\/span><\/p>\n<p><strong>Domicilio:<\/strong> Tulcan entre Guayaquil y Portoviejo\u00a0(Santo Domingo \u2013 Ecuador).<\/p>\n<p><strong>Email:<\/strong> info@pollocanchero.com<\/p>\n<p><strong>Tel\u00e9fono:<\/strong> 02-22755856 \/ 22754583<\/p>\n<p><!-- \/wp:paragraph --><!-- wp:heading --><\/p>\n<h4><span style=\"font-size: 30px;\">1. Sobre sus datos y el servicio prestado por AGROPROSPERA CIA. LTDA.<\/span><\/h4>\n<p><!-- \/wp:heading --><!-- wp:paragraph --><\/p>\n<p>De conformidad con lo establecido en la normativa vigente en Proteccio\u0301n de Datos de Cara\u0301cter Personal, le informamos que sus datos sera\u0301n incorporados al sistema de tratamiento titularidad de <strong>AGROPROSPERA CIA. LTDA.<\/strong> con <strong>RUC\u00a0 2390054389001<\/strong> y domicilio social en la calle <strong>Tulc\u00e1n entre Guayaquil y Portoviejo, Santo Domingo, Ecuador<\/strong>, con la finalidad de atender los compromisos derivados del contrato suscrito entre ambas partes. En cumplimiento con la normativa vigente, <strong>AGROPROSPERA CIA. LTDA.<\/strong> informa que los datos sera\u0301n conservados durante el periodo legalmente establecido.<\/p>\n<p>Con la presente cla\u0301usula queda informado de que sus datos sera\u0301n comunicados en caso de ser necesario a: administraciones pu\u0301blicas y a todas aquellas entidades con las que sea necesaria la comunicacio\u0301n con la finalidad de cumplir con la prestacio\u0301n del servicio anteriormente mencionado.<\/p>\n<p>El hecho de no facilitar los datos a las entidades mencionadas implica que no se pueda cumplir con la prestacio\u0301n de los servicios objeto del presente contrato.<\/p>\n<p><strong>AGROPROSPERA CIA. LTDA<\/strong>. informa que procedera\u0301 a tratar los datos de manera li\u0301cita, leal, transparente, adecuada, pertinente, limitada, exacta y actualizada. Es por ello que <strong>AGROPROSPERA CIA. LTDA<\/strong>. se compromete a adoptar todas las medidas razonables para que estos se supriman o rectifiquen sin dilacio\u0301n cuando sean inexactos.<\/p>\n<p>De acuerdo con los derechos que le confiere la normativa vigente en proteccio\u0301n de datos podra\u0301 ejercer los derechos de acceso, rectificacio\u0301n, limitacio\u0301n de tratamiento, supresio\u0301n, portabilidad y oposicio\u0301n al tratamiento de sus datos de cara\u0301cter personal asi\u0301 como del consentimiento prestado para el tratamiento de los mismos, dirigiendo su peticio\u0301n a la direccio\u0301n postal indicada ma\u0301s arriba o al correo electro\u0301nico <strong>info@pollocanchero.com<\/strong><\/p>\n<p>Podra\u0301 dirigirse a la Autoridad de Control competente para presentar la reclamacio\u0301n que considere oportuna.<\/p>\n<h4><span style=\"font-size: 30px;\">2. Aceptaci\u00f3n de pol\u00edtica de privacidad y uso de informaci\u00f3n:<\/span><\/h4>\n<p><!-- \/wp:heading --><!-- wp:paragraph --><!-- \/wp:paragraph --><!-- wp:paragraph --><\/p>\n<p>2.1.- Con la utilizaci\u00f3n del formulario de contacto y previa aceptaci\u00f3n de la pol\u00edtica de privacidad, el usuario consiente que los datos personales relativos a su nombre y apellidos, correo electr\u00f3nico y, en su caso, n\u00famero de tel\u00e9fono, informaci\u00f3n de pago, sean comunicados a <strong>POLLO CANCHERO<\/strong> para posibilitar el contacto y con la finalidad de poder informarle sobre caracter\u00edsticas, condiciones y cualquier otra informaci\u00f3n que sea de su inter\u00e9s relativa a los servicios. Esta circunstancia queda debidamente advertida al usuario quien, en cualquier momento, podr\u00e1 ejercer sus derechos de acceso, rectificaci\u00f3n, cancelaci\u00f3n u oposici\u00f3n, dirigi\u00e9ndose a trav\u00e9s de correo electr\u00f3nico a <strong>POLLO CANCHERO info@pollocanchero.com<\/strong><\/p>\n<p>2.2.- Asimismo, con la utilizaci\u00f3n del formulario de contacto y previa aceptaci\u00f3n de la pol\u00edtica de privacidad, el usuario consiente que: (i) el nombre, apellidos, correo electr\u00f3nico y n\u00famero de tel\u00e9fono incluidos en el formulario, (ii) Los comentarios incluidos en el campo abierto del formulario, (iii) las \u00faltimas b\u00fasquedas realizadas o guardadas en el Portal, se utilicen para recibir alertas e informaci\u00f3n sobre los servicios de<strong> POLLO CANCHERO<\/strong><\/p>\n<p>2.3.- Ning\u00fan tercero ajeno a <strong>POLLO CANCHERO<\/strong>, podr\u00e1 acceder, sin consentimiento expreso del Usuario a ning\u00fan otro tipo de dato de car\u00e1cter personal.<\/p>\n<p>2.4.- Tambi\u00e9n ser\u00e1n utilizados para la gesti\u00f3n, administraci\u00f3n, prestaci\u00f3n, ampliaci\u00f3n y mejora de los servicios a los que el Usuario decida suscribirse o utilizar, por ejemplo:<\/p>\n<ul>\n<li>\n<p>En el caso de que se haya suscrito a la recepci\u00f3n de boletines informativos, sus datos s\u00f3lo ser\u00e1n utilizados para gestionar el env\u00edo de estos boletines.<\/p>\n<\/li>\n<li>\n<p>En el caso del env\u00edo de publicidad, sus datos s\u00f3lo ser\u00e1n utilizados para gestionar el env\u00edo de publicidad a trav\u00e9s de medios tradicionales y electr\u00f3nicos. En este sentido se le informa que podremos enviarle publicidad tanto propia como de terceras empresas, relativa a los productos y servicios que haya utilizado a trav\u00e9s de nuestra p\u00e1gina web.<\/p>\n<\/li>\n<li>\n<p>Facilitar a los clientes el pago de cualquier producto o servicio ofertado por <strong>POLLO CANCHERO.<\/strong><\/p>\n<\/li>\n<li>\n<p>Cumplimiento de obligaciones legales, incluyendo, sin \u00e1nimo limitativo: leyes tributarias, de prevenci\u00f3n de blanqueos de capital, de protecci\u00f3n de datos, entre otras.<\/p>\n<\/li>\n<li>\n<p>Gesti\u00f3n de la contrataci\u00f3n de productos o servicios ofrecidos por<strong> POLLO CANCHERO.<\/strong><\/p>\n<\/li>\n<li>\n<p>Crear y gestionar una cuenta personal con registro \u00fanico para que sea utilizado en la adquisici\u00f3n de productos y servicios ofertados en la web <strong>www.pollocanchero.com .<\/strong><\/p>\n<\/li>\n<li>\n<p>Canalizar las solicitudes de informaci\u00f3n, sugerencias y reclamaciones de clientes para su gesti\u00f3n y resoluci\u00f3n.<\/p>\n<\/li>\n<li>\n<p>Encuestas para mejorar nuestros servicios.<\/p>\n<\/li>\n<li>\n<p>Estudios de mercado y prospecci\u00f3n comercial, informes de h\u00e1bitos de consumo, datos estad\u00edsticos y tendencias del mercado, con el objeto de ofertarle productos y servicios que puedan resultar de su inter\u00e9s.<\/p>\n<\/li>\n<li>\n<p>Realizar perfiles y an\u00e1lisis sobre el comportamiento de nuestros clientes al usar nuestras webs o aplicaciones.<\/p>\n<\/li>\n<li>\n<p>Mantenerle informado, sobre nuestros \u00faltimos productos, ofertas, oportunidades, etc. Los canales que utilizamos habitualmente son: correo electr\u00f3nico, correo postal, tel\u00e9fono, SMS, mensaje Push, pero solo si usted nos presta su consentimiento.<\/p>\n<\/li>\n<\/ul>\n<p>2.5.- En el caso de las direcciones de correo electr\u00f3nico o formulario de contacto de la p\u00e1gina web, los datos que nos proporcione a trav\u00e9s de los mismos, ser\u00e1n utilizados para gestionar sus compras, pedidos o solicitudes que nos realiza.<\/p>\n<p>2.6.- En el caso de que nos facilite datos de un tercero, por ejemplo, para recomendarle nuestra web o un art\u00edculo publicada en la misma, se le informa que usted es responsable de haber obtenido el consentimiento de la persona y de los datos de la misma que nos facilite.<\/p>\n<p>2.7.- Se informa adem\u00e1s que sus datos personales de contacto podr\u00e1n ser cedidos a alguna de las sociedades de <strong>POLLO CANCHERO<\/strong>., el cual puede ser a trav\u00e9s de cualquier acto societario (fusi\u00f3n, transformaci\u00f3n, escisi\u00f3n, liquidaci\u00f3n) o negocio jur\u00eddico (alianza estrat\u00e9gica, joint venture, entre otros).<\/p>\n<p>2.8.- En relaci\u00f3n al punto anterior, en caso de producirse la cesi\u00f3n se notificar\u00e1 al usuario, junto con la identificaci\u00f3n de la sociedad que los ceda y el tipo de actividades a las que se dedica y la finalidad a que responde la cesi\u00f3n. El Usuario podr\u00e1 oponerse en todo momento a cualquiera o todas las cesiones precitadas.<\/p>\n<p>2.9.- En caso qu\u00e9 usuario y anunciante utilicen el servicio de mensajer\u00eda interna disponible en las Apps y portales no podemos ofrecer garant\u00edas sobre la privacidad de las comunicaciones que puedan mantener a trav\u00e9s de dicho servicio de mensajer\u00eda.<\/p>\n<h4><span style=\"font-size: 30px;\">3. Eliminaci\u00f3n de la informaci\u00f3n personal y cancelaci\u00f3n de usuario:<\/span><\/h4>\n<div class=\"elementor-element elementor-element-6ef429f1 color-scheme-inherit text-left elementor-widget elementor-widget-text-editor\" data-id=\"6ef429f1\" data-element_type=\"widget\" data-widget_type=\"text-editor.default\">\n<div class=\"elementor-widget-container\">\n<p>Los usuarios pueden solicitar que se eliminen sus datos a trav\u00e9s de las siguientes v\u00edas:<\/p>\n<ol>\n<li>Mediante correo electr\u00f3nico a la siguiente direcci\u00f3n: <strong>info@pollocanchero.com<\/strong> indicando en el asunto: <strong>\u00abBAJA DE REGISTRO INTERNET\u00bb<\/strong>.<\/li>\n<\/ol>\n<p>En el correo deber\u00e1 indicar:<\/p>\n<ul>\n<li>La direcci\u00f3n de correo electr\u00f3nico con la cual figura su alta en nuestra base de datos.<\/li>\n<li>La contrase\u00f1a que utiliza para acceder a nuestros servicios online.<\/li>\n<li>Fotocopia de C\u00e9dula de Ciudadan\u00eda (para nacionales) o Identidad (para extranjeros) (No necesario para el Derecho de oposici\u00f3n)<\/li>\n<li>Direcci\u00f3n.<\/li>\n<li>Tel\u00e9fono de contacto.<\/li>\n<\/ul>\n<h4><span style=\"font-size: 30px;\">4. Confidencialidad<\/span><\/h4>\n<\/div>\n<\/div>\n<div class=\"elementor-element elementor-element-6ef429f1 color-scheme-inherit text-left elementor-widget elementor-widget-text-editor\" data-id=\"6ef429f1\" data-element_type=\"widget\" data-widget_type=\"text-editor.default\">\n<div class=\"elementor-widget-container\">\n<p><b>4<\/b>.1.-<strong> POLLO CANCHERO<\/strong>, \u00a0garantiza la confidencialidad de los datos de car\u00e1cter personal no obstante, revelar\u00e1 a las autoridades p\u00fablicas competentes los datos personales y cualquier otra informaci\u00f3n que est\u00e9 en su poder o sea accesible a trav\u00e9s de sus sistemas y sea requerida de conformidad con las disposiciones legales y reglamentarias aplicables al caso.<\/p>\n<\/div>\n<\/div>\n<p>4.2.- Los datos de car\u00e1cter personal podr\u00e1n ser conservados en los ficheros titularidad de <strong>POLLO CANCHERO,<\/strong> incluso una vez finalizadas las relaciones formalizadas a trav\u00e9s del Portal, exclusivamente a los fines indicados anteriormente y, en todo caso, durante los plazos legalmente establecidos, a disposici\u00f3n de autoridades administrativas o judiciales.<\/p>\n<p>4.3.- En cualquier caso, le informamos que, en caso de que se vaya a realizar la cesi\u00f3n a terceros de sus datos personales, le ser\u00e1 comunicada previamente especificando la identidad de los cesionarios y la finalidad con que se van a tratar los datos que se ceden.<\/p>\n<h4><span style=\"font-size: 30px;\">5. Env\u00edo de la informaci\u00f3n publicitaria<\/span><\/h4>\n<p><!-- \/wp:heading --><!-- wp:paragraph --><\/p>\n<p>5.1 La aceptaci\u00f3n de las condiciones de uso y pol\u00edtica de privacidad, ligada al uso de cualquiera de los servicios de <strong>POLLO CANCHERO<\/strong>, implica la autorizaci\u00f3n expresa en favor de <strong>POLLO CANCHERO<\/strong>, \u00a0para el env\u00edo de informaci\u00f3n comercial al domicilio, tel\u00e9fono m\u00f3vil y direcci\u00f3n de correo electr\u00f3nico.<br \/>5.2.- Dicha autorizaci\u00f3n comprende el env\u00edo de publicidad comercial y publicitaria relacionada con las actividades, productos y servicios de<strong> POLLO CANCHERO<\/strong>, y portales relacionados con la Web, as\u00ed como de terceros y sus portales.<br \/>5.3.- Si desea revocar dicha autorizaci\u00f3n, podr\u00e1 hacerlo de forma f\u00e1cil y gratuita dirigiendo la petici\u00f3n siguiendo las indicaciones establecidas en el punto 3 de las presentes pol\u00edticas de privacidad.<\/p>\t\t\t\t\t\t\t\t<\/div>\n\t\t\t\t<\/div>\n\t\t\t\t\t<\/div>\n\t\t\t\t<\/div>\n\t\t<div class=\"elementor-element elementor-element-7970205 e-flex e-con-boxed e-con e-parent\" data-id=\"7970205\" data-element_type=\"container\" data-e-type=\"container\">\n\t\t\t\t\t<div class=\"e-con-inner\">\n\t\t\t\t<div class=\"elementor-element elementor-element-8ac8dfa elementor-widget elementor-widget-spacer\" data-id=\"8ac8dfa\" data-element_type=\"widget\" data-e-type=\"widget\" data-widget_type=\"spacer.default\">\n\t\t\t\t<div class=\"elementor-widget-container\">\n\t\t\t\t\t\t\t<div class=\"elementor-spacer\">\n\t\t\t<div class=\"elementor-spacer-inner\"><\/div>\n\t\t<\/div>\n\t\t\t\t\t\t<\/div>\n\t\t\t\t<\/div>\n\t\t\t\t\t<\/div>\n\t\t\t\t<\/div>\n\t\t\t\t<\/div>\n\t\t","protected":false},"excerpt":{"rendered":"<p>Pol\u00edtica de privacidad y tratamiento de datos. Nuestra direcci\u00f3n web es: www.pollocanchero.com. El presente documento tiene por objeto establecer las Pol\u00edticas de Privacidad y tratamiento de<span class=\"excerpt-hellip\"> [\u2026]<\/span><\/p>\n","protected":false},"author":1,"featured_media":0,"parent":0,"menu_order":0,"comment_status":"closed","ping_status":"closed","template":"","meta":{"footnotes":""},"class_list":["post-3","page","type-page","status-publish","hentry"],"_links":{"self":[{"href":"https:\/\/pollocanchero.com\/index.php\/wp-json\/wp\/v2\/pages\/3","targetHints":{"allow":["GET"]}}],"collection":[{"href":"https:\/\/pollocanchero.com\/index.php\/wp-json\/wp\/v2\/pages"}],"about":[{"href":"https:\/\/pollocanchero.com\/index.php\/wp-json\/wp\/v2\/types\/page"}],"author":[{"embeddable":true,"href":"https:\/\/pollocanchero.com\/index.php\/wp-json\/wp\/v2\/users\/1"}],"replies":[{"embeddable":true,"href":"https:\/\/pollocanchero.com\/index.php\/wp-json\/wp\/v2\/comments?post=3"}],"version-history":[{"count":37,"href":"https:\/\/pollocanchero.com\/index.php\/wp-json\/wp\/v2\/pages\/3\/revisions"}],"predecessor-version":[{"id":1096,"href":"https:\/\/pollocanchero.com\/index.php\/wp-json\/wp\/v2\/pages\/3\/revisions\/1096"}],"wp:attachment":[{"href":"https:\/\/pollocanchero.com\/index.php\/wp-json\/wp\/v2\/media?parent=3"}],"curies":[{"name":"wp","href":"https:\/\/api.w.org\/{rel}","templated":true}]}}